{"id":10323,"date":"2023-06-09T16:58:31","date_gmt":"2023-06-09T19:58:31","guid":{"rendered":"https:\/\/quantarefratarios.com.br\/quienes-somos\/"},"modified":"2023-06-09T16:58:31","modified_gmt":"2023-06-09T19:58:31","slug":"quienes-somos","status":"publish","type":"page","link":"https:\/\/quantarefratarios.com.br\/es\/quienes-somos\/","title":{"rendered":"Quienes somos"},"content":{"rendered":"<p><span style=\"font-weight: 400;\">Fundada en 2016, Quanta Refrat\u00e1rios produce y comercializa productos refractarios, centrada en la calidad y las necesidades de sus clientes.<\/span><br \/>\n<span style=\"font-weight: 400;\">Operando en los mercados de fundici\u00f3n ferrosa y no ferrosa, acero, cer\u00e1mica y vidrio, especialmente produciendo piezas monol\u00edticas y preformadas para alto rendimiento y proyectos especiales.<\/span><br \/>\n<span style=\"font-weight: 400;\">Cuenta con profesionales especializados, que trabajan directamente en colaboraci\u00f3n con nuestros clientes, buscando soluciones personalizadas, atendiendo a las principales industrias del mercado nacional e internacional.<\/span><\/p>\n","protected":false},"excerpt":{"rendered":"<p>Fundada en 2016, Quanta Refrat\u00e1rios produce y comercializa productos refractarios, centrada en la calidad y las necesidades de sus clientes.<\/p>\n","protected":false},"author":2,"featured_media":0,"parent":0,"menu_order":0,"comment_status":"closed","ping_status":"closed","template":"","meta":{"footnotes":""},"class_list":["post-10323","page","type-page","status-publish","hentry"],"_links":{"self":[{"href":"https:\/\/quantarefratarios.com.br\/es\/wp-json\/wp\/v2\/pages\/10323","targetHints":{"allow":["GET"]}}],"collection":[{"href":"https:\/\/quantarefratarios.com.br\/es\/wp-json\/wp\/v2\/pages"}],"about":[{"href":"https:\/\/quantarefratarios.com.br\/es\/wp-json\/wp\/v2\/types\/page"}],"author":[{"embeddable":true,"href":"https:\/\/quantarefratarios.com.br\/es\/wp-json\/wp\/v2\/users\/2"}],"replies":[{"embeddable":true,"href":"https:\/\/quantarefratarios.com.br\/es\/wp-json\/wp\/v2\/comments?post=10323"}],"version-history":[{"count":0,"href":"https:\/\/quantarefratarios.com.br\/es\/wp-json\/wp\/v2\/pages\/10323\/revisions"}],"wp:attachment":[{"href":"https:\/\/quantarefratarios.com.br\/es\/wp-json\/wp\/v2\/media?parent=10323"}],"curies":[{"name":"wp","href":"https:\/\/api.w.org\/{rel}","templated":true}]}}