{"id":10324,"date":"2023-06-05T23:20:15","date_gmt":"2023-06-06T02:20:15","guid":{"rendered":"https:\/\/quantarefratarios.com.br\/servicio\/"},"modified":"2025-05-20T14:32:56","modified_gmt":"2025-05-20T17:32:56","slug":"servicio","status":"publish","type":"page","link":"https:\/\/quantarefratarios.com.br\/es\/servicio\/","title":{"rendered":"Servicio"},"content":{"rendered":"\t\t<div data-elementor-type=\"wp-page\" data-elementor-id=\"10324\" class=\"elementor elementor-10324 elementor-8793\">\n\t\t\t\t\t\t<section class=\"wd-negative-gap elementor-section elementor-top-section elementor-element elementor-element-47524773 elementor-section-boxed elementor-section-height-default elementor-section-height-default\" data-id=\"47524773\" data-element_type=\"section\" data-e-type=\"section\">\n\t\t\t\t\t\t<div class=\"elementor-container elementor-column-gap-default\">\n\t\t\t\t\t<div class=\"elementor-column elementor-col-100 elementor-top-column elementor-element elementor-element-78ba15f3\" data-id=\"78ba15f3\" data-element_type=\"column\" data-e-type=\"column\">\n\t\t\t<div class=\"elementor-widget-wrap elementor-element-populated\">\n\t\t\t\t\t\t<div class=\"elementor-element elementor-element-ca5fc29 color-scheme-inherit text-left elementor-widget elementor-widget-text-editor\" data-id=\"ca5fc29\" data-element_type=\"widget\" data-e-type=\"widget\" data-widget_type=\"text-editor.default\">\n\t\t\t\t<div class=\"elementor-widget-container\">\n\t\t\t\t\t\t\t\t\t<p>Contamos con un equipo calificado para desarrollar y monitorear proyectos, recubrimientos y reparaciones en refractarios para diversos equipos, desde hornos, pisos, calderas, ductos, cucharas de transferencia, pensando siempre en ganancias energ\u00e9ticas y de capacidad, con un estudio de perfil t\u00e9rmico para cada regi\u00f3n del equipo.<\/p>\n<p>Atuamos nos segmentos de fundi\u00e7\u00e3o de ferrosos e n\u00e3o ferrosos, siderurgia, \u00f3leo e g\u00e1s, qu\u00edmico, cer\u00e2mica e vidro.<br>Realizamos servi\u00e7os em nossa unidade, desde caldeiraria, aplica\u00e7\u00e3o e montagem, e contamos com fornos e equipamentos para secagem e sinteriza\u00e7\u00e3o.<br>Al\u00e9m de disponibilizar equipe t\u00e9cnica e especializada para realizar servi\u00e7os e projetos nas unidades de nossos clientes.<\/p>\t\t\t\t\t\t\t\t<\/div>\n\t\t\t\t<\/div>\n\t\t\t\t\t<\/div>\n\t\t<\/div>\n\t\t\t\t\t<\/div>\n\t\t<\/section>\n\t\t\t\t<section class=\"wd-negative-gap elementor-section elementor-top-section elementor-element elementor-element-fc1a483 elementor-section-boxed elementor-section-height-default elementor-section-height-default\" data-id=\"fc1a483\" data-element_type=\"section\" data-e-type=\"section\">\n\t\t\t\t\t\t<div class=\"elementor-container elementor-column-gap-default\">\n\t\t\t\t\t<div class=\"elementor-column elementor-col-100 elementor-top-column elementor-element elementor-element-c2145fb\" data-id=\"c2145fb\" data-element_type=\"column\" data-e-type=\"column\">\n\t\t\t<div class=\"elementor-widget-wrap elementor-element-populated\">\n\t\t\t\t\t\t<div class=\"elementor-element elementor-element-26c5c79 wd-width-100 elementor-widget elementor-widget-wd_products\" data-id=\"26c5c79\" data-element_type=\"widget\" data-e-type=\"widget\" data-widget_type=\"wd_products.default\">\n\t\t\t\t<div class=\"elementor-widget-container\">\n\t\t\t\t\t\t\t\t\t\t<div class=\"wd-products-element\">\n\n\t\t\t\n\t\t\t\n\t\t\t\n\t\t\t\n\t\t\t<div class=\"products wd-products grid-columns-4 elements-grid wd-grid-g wd-stretch-cont-lg wd-stretch-cont-md\" data-paged=\"1\" data-atts=\"{&quot;speed&quot;:null,&quot;slides_per_view&quot;:null,&quot;slides_per_view_tablet&quot;:null,&quot;slides_per_view_mobile&quot;:null,&quot;wrap&quot;:null,&quot;autoplay&quot;:null,&quot;autoheight&quot;:null,&quot;hide_pagination_control&quot;:null,&quot;hide_pagination_control_tablet&quot;:null,&quot;hide_pagination_control_mobile&quot;:null,&quot;dynamic_pagination_control&quot;:null,&quot;hide_prev_next_buttons&quot;:null,&quot;carousel_arrows_position&quot;:null,&quot;hide_scrollbar&quot;:null,&quot;hide_scrollbar_tablet&quot;:null,&quot;hide_scrollbar_mobile&quot;:null,&quot;scroll_per_page&quot;:null,&quot;center_mode&quot;:null,&quot;spacing&quot;:&quot;&quot;,&quot;carousel_sync&quot;:null,&quot;sync_parent_id&quot;:null,&quot;sync_child_id&quot;:null,&quot;scroll_carousel_init&quot;:null,&quot;disable_overflow_carousel&quot;:null,&quot;include&quot;:null,&quot;taxonomies&quot;:[&quot;85&quot;],&quot;meta_key&quot;:null,&quot;shop_tools&quot;:null,&quot;ajax_recently_viewed&quot;:null,&quot;pagination_arrows_position&quot;:null,&quot;columns&quot;:{&quot;unit&quot;:&quot;px&quot;,&quot;size&quot;:4,&quot;sizes&quot;:[]},&quot;columns_tablet&quot;:{&quot;unit&quot;:&quot;px&quot;,&quot;size&quot;:&quot;&quot;,&quot;sizes&quot;:[]},&quot;columns_mobile&quot;:{&quot;unit&quot;:&quot;px&quot;,&quot;size&quot;:&quot;&quot;,&quot;sizes&quot;:[]},&quot;products_masonry&quot;:&quot;&quot;,&quot;products_different_sizes&quot;:&quot;&quot;,&quot;product_quantity&quot;:&quot;&quot;,&quot;sale_countdown&quot;:&quot;0&quot;,&quot;stretch_product&quot;:null,&quot;stretch_product_tablet&quot;:null,&quot;stretch_product_mobile&quot;:null,&quot;stock_progress_bar&quot;:&quot;0&quot;,&quot;highlighted_products&quot;:&quot;0&quot;,&quot;products_divider&quot;:null,&quot;products_bordered_grid&quot;:&quot;0&quot;,&quot;products_bordered_grid_style&quot;:null,&quot;products_with_background&quot;:&quot;0&quot;,&quot;products_shadow&quot;:&quot;0&quot;,&quot;img_size&quot;:&quot;large&quot;,&quot;img_size_custom&quot;:null,&quot;grid_gallery_control&quot;:null,&quot;grid_gallery_enable_arrows&quot;:null,&quot;elementor&quot;:true,&quot;force_not_ajax&quot;:&quot;no&quot;}\" data-source=\"shortcode\" data-columns=\"4\" data-grid-gallery=\"\" style=\"--wd-col-lg:4;--wd-col-md:2;--wd-col-sm:1;--wd-gap-lg:20px;--wd-gap-sm:10px;\">\n\t\t\n\t\t\t\t\t\t\t\t<div class=\"wd-product wd-with-labels wd-hover-standard wd-col product-grid-item product type-product post-10355 status-publish instock product_cat-fundicion-de-aluminio-y-no-ferrosos product_cat-servicios has-post-thumbnail featured shipping-taxable product-type-simple\" data-loop=\"1\" data-id=\"10355\">\n\t\n\t\n<div class=\"product-wrapper\">\n\t<div class=\"product-element-top wd-quick-shop\">\n\t\t<a href=\"https:\/\/quantarefratarios.com.br\/es\/produto\/proyectos-y-servicios\/\" class=\"product-image-link\">\n\t\t\t<img fetchpriority=\"high\" decoding=\"async\" width=\"714\" height=\"800\" src=\"https:\/\/quantarefratarios.com.br\/wp-content\/uploads\/2023\/05\/servicos-2-714x800.jpg\" class=\"attachment-large size-large\" alt=\"\" srcset=\"https:\/\/quantarefratarios.com.br\/wp-content\/uploads\/2023\/05\/servicos-2-714x800.jpg 714w, https:\/\/quantarefratarios.com.br\/wp-content\/uploads\/2023\/05\/servicos-2-268x300.jpg 268w, https:\/\/quantarefratarios.com.br\/wp-content\/uploads\/2023\/05\/servicos-2-768x860.jpg 768w, https:\/\/quantarefratarios.com.br\/wp-content\/uploads\/2023\/05\/servicos-2-860x963.jpg 860w, https:\/\/quantarefratarios.com.br\/wp-content\/uploads\/2023\/05\/servicos-2-430x482.jpg 430w, https:\/\/quantarefratarios.com.br\/wp-content\/uploads\/2023\/05\/servicos-2-700x784.jpg 700w, https:\/\/quantarefratarios.com.br\/wp-content\/uploads\/2023\/05\/servicos-2-150x168.jpg 150w, https:\/\/quantarefratarios.com.br\/wp-content\/uploads\/2023\/05\/servicos-2.jpg 992w\" sizes=\"(max-width: 714px) 100vw, 714px\" \/>\t\t<\/a>\n\n\t\t\n\t\t<div class=\"wd-buttons wd-pos-r-t\">\n\t\t\t\t\t\t\t\t<div class=\"wd-compare-btn product-compare-button wd-action-btn wd-style-icon wd-compare-icon\">\n\t\t\t<a href=\"https:\/\/quantarefratarios.com.br\/es\/compare\/\" data-id=\"8690\" rel=\"nofollow\" data-added-text=\"Compare products\">\n\t\t\t\t<span>Compare<\/span>\n\t\t\t<\/a>\n\t\t<\/div>\n\t\t\t\t\t\t\t<div class=\"quick-view wd-action-btn wd-style-icon wd-quick-view-icon\">\n\t\t\t<a\n\t\t\t\thref=\"https:\/\/quantarefratarios.com.br\/es\/produto\/proyectos-y-servicios\/\"\n\t\t\t\tclass=\"open-quick-view quick-view-button\"\n\t\t\t\trel=\"nofollow\"\n\t\t\t\tdata-id=\"10355\"\n\t\t\t\t>Quick view<\/a>\n\t\t<\/div>\n\t\t\t\t\t\t\t\t<div class=\"wd-wishlist-btn wd-action-btn wd-style-icon wd-wishlist-icon\">\n\t\t\t\t<a class=\"\" href=\"https:\/\/quantarefratarios.com.br\/wishlist\/\" data-key=\"df1c61b5b3\" data-product-id=\"8690\" rel=\"nofollow\" data-added-text=\"Browse Wishlist\">\n\t\t\t\t\t<span>Add to wishlist<\/span>\n\t\t\t\t<\/a>\n\t\t\t<\/div>\n\t\t\t\t<\/div>\n\t<\/div>\n\n\t\t<div class=\"product-element-bottom\">\n\t\n\t\n\t<h3 class=\"wd-entities-title\"><a href=\"https:\/\/quantarefratarios.com.br\/es\/produto\/proyectos-y-servicios\/\">Proyectos y Servicios<\/a><\/h3>\n\t\t\t\n\t\n\n\t<div class=\"wd-add-btn wd-add-btn-replace\">\n\t\t\n\t\t\t<\/div>\n\n\t\n\t\n\t\t\t<\/div>\n\t<\/div>\n<\/div>\n\t\t\n\t\t\t\t<\/div>\n\t\n\t\t\n\t\t\n\t\t\t\t\t<\/div>\n\t\t\n\t\t\t\t\t\t<\/div>\n\t\t\t\t<\/div>\n\t\t\t\t\t<\/div>\n\t\t<\/div>\n\t\t\t\t\t<\/div>\n\t\t<\/section>\n\t\t\t\t<\/div>\n\t\t","protected":false},"excerpt":{"rendered":"<p>Contamos con un equipo calificado para desarrollar y monitorear proyectos, recubrimientos y reparaciones en refractarios para diversos equipos, desde hornos,<\/p>\n","protected":false},"author":1,"featured_media":0,"parent":0,"menu_order":0,"comment_status":"closed","ping_status":"closed","template":"","meta":{"footnotes":""},"class_list":["post-10324","page","type-page","status-publish","hentry"],"_links":{"self":[{"href":"https:\/\/quantarefratarios.com.br\/es\/wp-json\/wp\/v2\/pages\/10324","targetHints":{"allow":["GET"]}}],"collection":[{"href":"https:\/\/quantarefratarios.com.br\/es\/wp-json\/wp\/v2\/pages"}],"about":[{"href":"https:\/\/quantarefratarios.com.br\/es\/wp-json\/wp\/v2\/types\/page"}],"author":[{"embeddable":true,"href":"https:\/\/quantarefratarios.com.br\/es\/wp-json\/wp\/v2\/users\/1"}],"replies":[{"embeddable":true,"href":"https:\/\/quantarefratarios.com.br\/es\/wp-json\/wp\/v2\/comments?post=10324"}],"version-history":[{"count":1,"href":"https:\/\/quantarefratarios.com.br\/es\/wp-json\/wp\/v2\/pages\/10324\/revisions"}],"predecessor-version":[{"id":10325,"href":"https:\/\/quantarefratarios.com.br\/es\/wp-json\/wp\/v2\/pages\/10324\/revisions\/10325"}],"wp:attachment":[{"href":"https:\/\/quantarefratarios.com.br\/es\/wp-json\/wp\/v2\/media?parent=10324"}],"curies":[{"name":"wp","href":"https:\/\/api.w.org\/{rel}","templated":true}]}}