{"id":10330,"date":"2023-06-09T17:20:38","date_gmt":"2023-06-09T20:20:38","guid":{"rendered":"https:\/\/quantarefratarios.com.br\/produto\/kits-refractarios\/"},"modified":"2023-06-09T17:20:38","modified_gmt":"2023-06-09T20:20:38","slug":"kits-refractarios","status":"publish","type":"product","link":"https:\/\/quantarefratarios.com.br\/es\/produto\/kits-refractarios\/","title":{"rendered":"Kits refractarios"},"content":{"rendered":"","protected":false},"excerpt":{"rendered":"<p><span style=\"font-weight: 400;\">Sistemas de fundici\u00f3n premontados seg\u00fan dise\u00f1o del cliente, ofreciendo rapidez y seguridad en la etapa de moldeo, resultando en importantes ganancias de productividad.<\/span><\/p>\n","protected":false},"featured_media":0,"comment_status":"open","ping_status":"closed","template":"","meta":[],"product_brand":[],"product_cat":[192,193],"product_tag":[],"class_list":{"0":"post-10330","1":"product","2":"type-product","3":"status-publish","5":"product_cat-fundicion-de-hierro-y-acero","6":"product_cat-kits-refractarios","8":"first","9":"instock","10":"shipping-taxable","11":"product-type-simple"},"_links":{"self":[{"href":"https:\/\/quantarefratarios.com.br\/es\/wp-json\/wp\/v2\/product\/10330","targetHints":{"allow":["GET"]}}],"collection":[{"href":"https:\/\/quantarefratarios.com.br\/es\/wp-json\/wp\/v2\/product"}],"about":[{"href":"https:\/\/quantarefratarios.com.br\/es\/wp-json\/wp\/v2\/types\/product"}],"replies":[{"embeddable":true,"href":"https:\/\/quantarefratarios.com.br\/es\/wp-json\/wp\/v2\/comments?post=10330"}],"version-history":[{"count":0,"href":"https:\/\/quantarefratarios.com.br\/es\/wp-json\/wp\/v2\/product\/10330\/revisions"}],"wp:attachment":[{"href":"https:\/\/quantarefratarios.com.br\/es\/wp-json\/wp\/v2\/media?parent=10330"}],"wp:term":[{"taxonomy":"product_brand","embeddable":true,"href":"https:\/\/quantarefratarios.com.br\/es\/wp-json\/wp\/v2\/product_brand?post=10330"},{"taxonomy":"product_cat","embeddable":true,"href":"https:\/\/quantarefratarios.com.br\/es\/wp-json\/wp\/v2\/product_cat?post=10330"},{"taxonomy":"product_tag","embeddable":true,"href":"https:\/\/quantarefratarios.com.br\/es\/wp-json\/wp\/v2\/product_tag?post=10330"}],"curies":[{"name":"wp","href":"https:\/\/api.w.org\/{rel}","templated":true}]}}