{"id":10336,"date":"2023-06-06T15:24:03","date_gmt":"2023-06-06T18:24:03","guid":{"rendered":"https:\/\/quantarefratarios.com.br\/produto\/ceramica-y-vidrio\/"},"modified":"2023-06-06T15:24:03","modified_gmt":"2023-06-06T18:24:03","slug":"ceramica-y-vidrio","status":"publish","type":"product","link":"https:\/\/quantarefratarios.com.br\/es\/produto\/ceramica-y-vidrio\/","title":{"rendered":"Cer\u00e1mica y vidrio"},"content":{"rendered":"","protected":false},"excerpt":{"rendered":"<p><span style=\"font-weight: 400;\">En la industria cer\u00e1mica trabajamos en el mantenimiento de recubrimientos aislantes, fabricaci\u00f3n de bloques de quemadores, y tambi\u00e9n bloques especiales para cer\u00e1mica roja, como bloques \u201cfire-pass\u201d y bloques de soporte y recubrimientos para vagonetas de horno.<\/span><\/p>\n<p><span style=\"font-weight: 400;\">Para la industria del vidrio fabricamos piezas especiales premoldeadas de alta resistencia con zirconio y \u00f3xido de cromo.<\/span><\/p>\n","protected":false},"featured_media":9919,"comment_status":"open","ping_status":"closed","template":"","meta":[],"product_brand":[],"product_cat":[195],"product_tag":[],"class_list":{"0":"post-10336","1":"product","2":"type-product","3":"status-publish","4":"has-post-thumbnail","6":"product_cat-ceramica-y-vidrio","8":"first","9":"instock","10":"shipping-taxable","11":"product-type-simple"},"_links":{"self":[{"href":"https:\/\/quantarefratarios.com.br\/es\/wp-json\/wp\/v2\/product\/10336","targetHints":{"allow":["GET"]}}],"collection":[{"href":"https:\/\/quantarefratarios.com.br\/es\/wp-json\/wp\/v2\/product"}],"about":[{"href":"https:\/\/quantarefratarios.com.br\/es\/wp-json\/wp\/v2\/types\/product"}],"replies":[{"embeddable":true,"href":"https:\/\/quantarefratarios.com.br\/es\/wp-json\/wp\/v2\/comments?post=10336"}],"version-history":[{"count":0,"href":"https:\/\/quantarefratarios.com.br\/es\/wp-json\/wp\/v2\/product\/10336\/revisions"}],"wp:featuredmedia":[{"embeddable":true,"href":"https:\/\/quantarefratarios.com.br\/es\/wp-json\/wp\/v2\/media\/9919"}],"wp:attachment":[{"href":"https:\/\/quantarefratarios.com.br\/es\/wp-json\/wp\/v2\/media?parent=10336"}],"wp:term":[{"taxonomy":"product_brand","embeddable":true,"href":"https:\/\/quantarefratarios.com.br\/es\/wp-json\/wp\/v2\/product_brand?post=10336"},{"taxonomy":"product_cat","embeddable":true,"href":"https:\/\/quantarefratarios.com.br\/es\/wp-json\/wp\/v2\/product_cat?post=10336"},{"taxonomy":"product_tag","embeddable":true,"href":"https:\/\/quantarefratarios.com.br\/es\/wp-json\/wp\/v2\/product_tag?post=10336"}],"curies":[{"name":"wp","href":"https:\/\/api.w.org\/{rel}","templated":true}]}}