{"id":10344,"date":"2023-06-02T13:01:29","date_gmt":"2023-06-02T16:01:29","guid":{"rendered":"https:\/\/quantarefratarios.com.br\/produto\/piezas-especiales\/"},"modified":"2023-06-02T13:01:29","modified_gmt":"2023-06-02T16:01:29","slug":"piezas-especiales","status":"publish","type":"product","link":"https:\/\/quantarefratarios.com.br\/es\/produto\/piezas-especiales\/","title":{"rendered":"Piezas especiales"},"content":{"rendered":"","protected":false},"excerpt":{"rendered":"<p>Art\u00edculos accesorios para el proceso, tales como tubos protectores para termopares de alta conductividad t\u00e9rmica, tubos dosificadores de material antiadherente para metal, lanzas para inyecci\u00f3n y tratamiento de gases en ba\u00f1o de aluminio, rotores para homogeneizaci\u00f3n y desgasificaci\u00f3n de ba\u00f1os, controladores de caudal, etc.<\/p>\n","protected":false},"featured_media":9757,"comment_status":"open","ping_status":"closed","template":"","meta":[],"product_brand":[],"product_cat":[206,216],"product_tag":[],"class_list":{"0":"post-10344","1":"product","2":"type-product","3":"status-publish","4":"has-post-thumbnail","6":"product_cat-fundicion-de-aluminio-y-no-ferrosos","7":"product_cat-piezas-especiales","9":"first","10":"instock","11":"shipping-taxable","12":"product-type-simple"},"_links":{"self":[{"href":"https:\/\/quantarefratarios.com.br\/es\/wp-json\/wp\/v2\/product\/10344","targetHints":{"allow":["GET"]}}],"collection":[{"href":"https:\/\/quantarefratarios.com.br\/es\/wp-json\/wp\/v2\/product"}],"about":[{"href":"https:\/\/quantarefratarios.com.br\/es\/wp-json\/wp\/v2\/types\/product"}],"replies":[{"embeddable":true,"href":"https:\/\/quantarefratarios.com.br\/es\/wp-json\/wp\/v2\/comments?post=10344"}],"version-history":[{"count":0,"href":"https:\/\/quantarefratarios.com.br\/es\/wp-json\/wp\/v2\/product\/10344\/revisions"}],"wp:featuredmedia":[{"embeddable":true,"href":"https:\/\/quantarefratarios.com.br\/es\/wp-json\/wp\/v2\/media\/9757"}],"wp:attachment":[{"href":"https:\/\/quantarefratarios.com.br\/es\/wp-json\/wp\/v2\/media?parent=10344"}],"wp:term":[{"taxonomy":"product_brand","embeddable":true,"href":"https:\/\/quantarefratarios.com.br\/es\/wp-json\/wp\/v2\/product_brand?post=10344"},{"taxonomy":"product_cat","embeddable":true,"href":"https:\/\/quantarefratarios.com.br\/es\/wp-json\/wp\/v2\/product_cat?post=10344"},{"taxonomy":"product_tag","embeddable":true,"href":"https:\/\/quantarefratarios.com.br\/es\/wp-json\/wp\/v2\/product_tag?post=10344"}],"curies":[{"name":"wp","href":"https:\/\/api.w.org\/{rel}","templated":true}]}}