{"id":10351,"date":"2023-06-02T12:20:59","date_gmt":"2023-06-02T15:20:59","guid":{"rendered":"https:\/\/quantarefratarios.com.br\/produto\/canales-para-casting-indirecto\/"},"modified":"2025-05-30T12:08:52","modified_gmt":"2025-05-30T15:08:52","slug":"canales-para-casting-indirecto","status":"publish","type":"product","link":"https:\/\/quantarefratarios.com.br\/es\/produto\/canales-para-casting-indirecto\/","title":{"rendered":"Canales para casting indirecto"},"content":{"rendered":"","protected":false},"excerpt":{"rendered":"<p><span style=\"font-weight: 400;\">L\u00ednea completa de canales para colada indirecta, seg\u00fan dise\u00f1o de losa para cada necesidad espec\u00edfica.<\/span><\/p>\n<p><span style=\"font-weight: 400;\">L\u00ednea en material silico-aluminoso y mullita.<\/span><\/p>\n","protected":false},"featured_media":9931,"comment_status":"open","ping_status":"closed","template":"","meta":[],"product_brand":[],"product_cat":[217,221,213],"product_tag":[],"class_list":{"0":"post-10351","1":"product","2":"type-product","3":"status-publish","4":"has-post-thumbnail","6":"product_cat-aceria","7":"product_cat-canales-para-casting-indirecto","8":"product_cat-industria-siderurgica","10":"first","11":"instock","12":"featured","13":"shipping-taxable","14":"product-type-simple"},"_links":{"self":[{"href":"https:\/\/quantarefratarios.com.br\/es\/wp-json\/wp\/v2\/product\/10351","targetHints":{"allow":["GET"]}}],"collection":[{"href":"https:\/\/quantarefratarios.com.br\/es\/wp-json\/wp\/v2\/product"}],"about":[{"href":"https:\/\/quantarefratarios.com.br\/es\/wp-json\/wp\/v2\/types\/product"}],"replies":[{"embeddable":true,"href":"https:\/\/quantarefratarios.com.br\/es\/wp-json\/wp\/v2\/comments?post=10351"}],"version-history":[{"count":1,"href":"https:\/\/quantarefratarios.com.br\/es\/wp-json\/wp\/v2\/product\/10351\/revisions"}],"predecessor-version":[{"id":10450,"href":"https:\/\/quantarefratarios.com.br\/es\/wp-json\/wp\/v2\/product\/10351\/revisions\/10450"}],"wp:featuredmedia":[{"embeddable":true,"href":"https:\/\/quantarefratarios.com.br\/es\/wp-json\/wp\/v2\/media\/9931"}],"wp:attachment":[{"href":"https:\/\/quantarefratarios.com.br\/es\/wp-json\/wp\/v2\/media?parent=10351"}],"wp:term":[{"taxonomy":"product_brand","embeddable":true,"href":"https:\/\/quantarefratarios.com.br\/es\/wp-json\/wp\/v2\/product_brand?post=10351"},{"taxonomy":"product_cat","embeddable":true,"href":"https:\/\/quantarefratarios.com.br\/es\/wp-json\/wp\/v2\/product_cat?post=10351"},{"taxonomy":"product_tag","embeddable":true,"href":"https:\/\/quantarefratarios.com.br\/es\/wp-json\/wp\/v2\/product_tag?post=10351"}],"curies":[{"name":"wp","href":"https:\/\/api.w.org\/{rel}","templated":true}]}}