{"id":10356,"date":"2023-05-31T17:14:54","date_gmt":"2023-05-31T20:14:54","guid":{"rendered":"https:\/\/quantarefratarios.com.br\/produto\/contenedores-para-el-transporte-de-aluminio-liquido\/"},"modified":"2023-05-31T17:14:54","modified_gmt":"2023-05-31T20:14:54","slug":"contenedores-para-el-transporte-de-aluminio-liquido","status":"publish","type":"product","link":"https:\/\/quantarefratarios.com.br\/es\/produto\/contenedores-para-el-transporte-de-aluminio-liquido\/","title":{"rendered":"Contenedores para el transporte de aluminio l\u00edquido"},"content":{"rendered":"","protected":false},"excerpt":{"rendered":"<p>Tecnolog\u00eda desarrollada especialmente para estos recubrimientos, con hormigones de baja conductividad t\u00e9rmica y alta resistencia al contacto directo con aluminio l\u00edquido, dise\u00f1os para maximizar la capacidad de transporte y reducir costos energ\u00e9ticos y peso estructural.<\/p>\n","protected":false},"featured_media":9771,"comment_status":"open","ping_status":"closed","template":"","meta":[],"product_brand":[],"product_cat":[211,206,208],"product_tag":[],"class_list":{"0":"post-10356","1":"product","2":"type-product","3":"status-publish","4":"has-post-thumbnail","6":"product_cat-contenedores","7":"product_cat-fundicion-de-aluminio-y-no-ferrosos","8":"product_cat-piezas-prefabricadas","10":"first","11":"instock","12":"featured","13":"shipping-taxable","14":"product-type-simple"},"_links":{"self":[{"href":"https:\/\/quantarefratarios.com.br\/es\/wp-json\/wp\/v2\/product\/10356","targetHints":{"allow":["GET"]}}],"collection":[{"href":"https:\/\/quantarefratarios.com.br\/es\/wp-json\/wp\/v2\/product"}],"about":[{"href":"https:\/\/quantarefratarios.com.br\/es\/wp-json\/wp\/v2\/types\/product"}],"replies":[{"embeddable":true,"href":"https:\/\/quantarefratarios.com.br\/es\/wp-json\/wp\/v2\/comments?post=10356"}],"version-history":[{"count":0,"href":"https:\/\/quantarefratarios.com.br\/es\/wp-json\/wp\/v2\/product\/10356\/revisions"}],"wp:featuredmedia":[{"embeddable":true,"href":"https:\/\/quantarefratarios.com.br\/es\/wp-json\/wp\/v2\/media\/9771"}],"wp:attachment":[{"href":"https:\/\/quantarefratarios.com.br\/es\/wp-json\/wp\/v2\/media?parent=10356"}],"wp:term":[{"taxonomy":"product_brand","embeddable":true,"href":"https:\/\/quantarefratarios.com.br\/es\/wp-json\/wp\/v2\/product_brand?post=10356"},{"taxonomy":"product_cat","embeddable":true,"href":"https:\/\/quantarefratarios.com.br\/es\/wp-json\/wp\/v2\/product_cat?post=10356"},{"taxonomy":"product_tag","embeddable":true,"href":"https:\/\/quantarefratarios.com.br\/es\/wp-json\/wp\/v2\/product_tag?post=10356"}],"curies":[{"name":"wp","href":"https:\/\/api.w.org\/{rel}","templated":true}]}}