{"id":10357,"date":"2023-05-31T16:59:09","date_gmt":"2023-05-31T19:59:09","guid":{"rendered":"https:\/\/quantarefratarios.com.br\/produto\/transferencia-y-alimentacion-de-piezas\/"},"modified":"2023-05-31T16:59:09","modified_gmt":"2023-05-31T19:59:09","slug":"transferencia-y-alimentacion-de-piezas","status":"publish","type":"product","link":"https:\/\/quantarefratarios.com.br\/es\/produto\/transferencia-y-alimentacion-de-piezas\/","title":{"rendered":"Transferencia y alimentaci\u00f3n de piezas"},"content":{"rendered":"","protected":false},"excerpt":{"rendered":"<p><span style=\"font-weight: 400;\">Piezas especiales para hornos de baja presi\u00f3n, como toberas, conos de alimentaci\u00f3n con alta resistencia a la abrasi\u00f3n y al choque t\u00e9rmico.<\/span><\/p>\n<p><span style=\"font-weight: 400;\">Tambi\u00e9n trabajamos con refractarios especiales de alta resistencia mec\u00e1nica y a la abrasi\u00f3n para la zona de carga en hornos de fusi\u00f3n de torre.<\/span><\/p>\n","protected":false},"featured_media":9753,"comment_status":"open","ping_status":"closed","template":"","meta":[],"product_brand":[],"product_cat":[206,208,223],"product_tag":[],"class_list":{"0":"post-10357","1":"product","2":"type-product","3":"status-publish","4":"has-post-thumbnail","6":"product_cat-fundicion-de-aluminio-y-no-ferrosos","7":"product_cat-piezas-prefabricadas","8":"product_cat-transferencia-y-alimentacion-de-piezas","10":"first","11":"instock","12":"shipping-taxable","13":"product-type-simple"},"_links":{"self":[{"href":"https:\/\/quantarefratarios.com.br\/es\/wp-json\/wp\/v2\/product\/10357","targetHints":{"allow":["GET"]}}],"collection":[{"href":"https:\/\/quantarefratarios.com.br\/es\/wp-json\/wp\/v2\/product"}],"about":[{"href":"https:\/\/quantarefratarios.com.br\/es\/wp-json\/wp\/v2\/types\/product"}],"replies":[{"embeddable":true,"href":"https:\/\/quantarefratarios.com.br\/es\/wp-json\/wp\/v2\/comments?post=10357"}],"version-history":[{"count":0,"href":"https:\/\/quantarefratarios.com.br\/es\/wp-json\/wp\/v2\/product\/10357\/revisions"}],"wp:featuredmedia":[{"embeddable":true,"href":"https:\/\/quantarefratarios.com.br\/es\/wp-json\/wp\/v2\/media\/9753"}],"wp:attachment":[{"href":"https:\/\/quantarefratarios.com.br\/es\/wp-json\/wp\/v2\/media?parent=10357"}],"wp:term":[{"taxonomy":"product_brand","embeddable":true,"href":"https:\/\/quantarefratarios.com.br\/es\/wp-json\/wp\/v2\/product_brand?post=10357"},{"taxonomy":"product_cat","embeddable":true,"href":"https:\/\/quantarefratarios.com.br\/es\/wp-json\/wp\/v2\/product_cat?post=10357"},{"taxonomy":"product_tag","embeddable":true,"href":"https:\/\/quantarefratarios.com.br\/es\/wp-json\/wp\/v2\/product_tag?post=10357"}],"curies":[{"name":"wp","href":"https:\/\/api.w.org\/{rel}","templated":true}]}}