{"id":10359,"date":"2023-05-31T16:48:21","date_gmt":"2023-05-31T19:48:21","guid":{"rendered":"https:\/\/quantarefratarios.com.br\/produto\/conductos-de-transferencia-de-aluminio-liquido\/"},"modified":"2023-05-31T16:48:21","modified_gmt":"2023-05-31T19:48:21","slug":"conductos-de-transferencia-de-aluminio-liquido","status":"publish","type":"product","link":"https:\/\/quantarefratarios.com.br\/es\/produto\/conductos-de-transferencia-de-aluminio-liquido\/","title":{"rendered":"Conductos de transferencia de aluminio l\u00edquido"},"content":{"rendered":"","protected":false},"excerpt":{"rendered":"<p><span style=\"font-weight: 400;\">Refractarios de aluminio no mojables en material de s\u00edlice aluminosa o s\u00edlice electrofundida, resistentes a la abrasi\u00f3n y al choque t\u00e9rmico, en m\u00f3dulos que pueden incluir dise\u00f1o de aislamiento t\u00e9rmico.<\/span><\/p>\n","protected":false},"featured_media":9741,"comment_status":"open","ping_status":"closed","template":"","meta":[],"product_brand":[],"product_cat":[210,206,208],"product_tag":[],"class_list":{"0":"post-10359","1":"product","2":"type-product","3":"status-publish","4":"has-post-thumbnail","6":"product_cat-conductos-de-transferencia-de-aluminio-liquido","7":"product_cat-fundicion-de-aluminio-y-no-ferrosos","8":"product_cat-piezas-prefabricadas","10":"first","11":"instock","12":"shipping-taxable","13":"product-type-simple"},"_links":{"self":[{"href":"https:\/\/quantarefratarios.com.br\/es\/wp-json\/wp\/v2\/product\/10359","targetHints":{"allow":["GET"]}}],"collection":[{"href":"https:\/\/quantarefratarios.com.br\/es\/wp-json\/wp\/v2\/product"}],"about":[{"href":"https:\/\/quantarefratarios.com.br\/es\/wp-json\/wp\/v2\/types\/product"}],"replies":[{"embeddable":true,"href":"https:\/\/quantarefratarios.com.br\/es\/wp-json\/wp\/v2\/comments?post=10359"}],"version-history":[{"count":0,"href":"https:\/\/quantarefratarios.com.br\/es\/wp-json\/wp\/v2\/product\/10359\/revisions"}],"wp:featuredmedia":[{"embeddable":true,"href":"https:\/\/quantarefratarios.com.br\/es\/wp-json\/wp\/v2\/media\/9741"}],"wp:attachment":[{"href":"https:\/\/quantarefratarios.com.br\/es\/wp-json\/wp\/v2\/media?parent=10359"}],"wp:term":[{"taxonomy":"product_brand","embeddable":true,"href":"https:\/\/quantarefratarios.com.br\/es\/wp-json\/wp\/v2\/product_brand?post=10359"},{"taxonomy":"product_cat","embeddable":true,"href":"https:\/\/quantarefratarios.com.br\/es\/wp-json\/wp\/v2\/product_cat?post=10359"},{"taxonomy":"product_tag","embeddable":true,"href":"https:\/\/quantarefratarios.com.br\/es\/wp-json\/wp\/v2\/product_tag?post=10359"}],"curies":[{"name":"wp","href":"https:\/\/api.w.org\/{rel}","templated":true}]}}