{"id":10361,"date":"2023-05-31T16:43:42","date_gmt":"2023-05-31T19:43:42","guid":{"rendered":"https:\/\/quantarefratarios.com.br\/produto\/hormigon-antiadherente-masillas-y-pinturas\/"},"modified":"2023-05-31T16:43:42","modified_gmt":"2023-05-31T19:43:42","slug":"hormigon-antiadherente-masillas-y-pinturas","status":"publish","type":"product","link":"https:\/\/quantarefratarios.com.br\/es\/produto\/hormigon-antiadherente-masillas-y-pinturas\/","title":{"rendered":"Hormig\u00f3n antiadherente, masillas y pinturas"},"content":{"rendered":"","protected":false},"excerpt":{"rendered":"<p><strong>L\u00ednea completa de productos monol\u00edticos desarrollados especialmente para el segmento de aluminio y sus diferentes necesidades de uso y aplicaci\u00f3n.<\/strong><\/p>\n<p><strong>Hormig\u00f3n para construcci\u00f3n y renovaci\u00f3n de equipos<\/strong><br \/>\nHormigones qu\u00edmicamente a\u00f1adidos con bajo contenido en cemento, aplicables por vibraci\u00f3n o autocolados, aptos para el revestimiento de todo tipo de hornos, tales como torres de fusi\u00f3n, reverberadores, rotativos, dosificadores, as\u00ed como bateas y tolvas de transporte.<br \/>\nCon propiedades para soportar el contacto con aluminio l\u00edquido en diferentes condiciones de uso, evitando la formaci\u00f3n de corind\u00f3n, adherencia del metal y teniendo alta resistencia a la abrasi\u00f3n.<\/p>\n<p><strong>Hormigones aislantes y semiaislantes<\/strong><br \/>\nCompuesto de agregados livianos de baja conductividad t\u00e9rmica, indicados de acuerdo a la temperatura deseada para el proyecto, pudiendo ser aplicado por vibraci\u00f3n, apisonado, proyecci\u00f3n o cuchara, con propiedades adem\u00e1s para soportar el contacto con aluminio l\u00edquido.<\/p>\n<p><strong>Monol\u00edtico para reparaciones y pinturas protectoras<\/strong><br \/>\nDesde hormigones convencionales para proyectar, pl\u00e1sticos qu\u00edmicamente a\u00f1adidos, listos para usar, morteros, pinturas protectoras y antiadherentes.<\/p>\n","protected":false},"featured_media":9739,"comment_status":"open","ping_status":"closed","template":"","meta":[],"product_brand":[],"product_cat":[206,207],"product_tag":[],"class_list":{"0":"post-10361","1":"product","2":"type-product","3":"status-publish","4":"has-post-thumbnail","6":"product_cat-fundicion-de-aluminio-y-no-ferrosos","7":"product_cat-hormigon-antiadherente-masillas-y-pinturas","9":"first","10":"instock","11":"shipping-taxable","12":"product-type-simple"},"_links":{"self":[{"href":"https:\/\/quantarefratarios.com.br\/es\/wp-json\/wp\/v2\/product\/10361","targetHints":{"allow":["GET"]}}],"collection":[{"href":"https:\/\/quantarefratarios.com.br\/es\/wp-json\/wp\/v2\/product"}],"about":[{"href":"https:\/\/quantarefratarios.com.br\/es\/wp-json\/wp\/v2\/types\/product"}],"replies":[{"embeddable":true,"href":"https:\/\/quantarefratarios.com.br\/es\/wp-json\/wp\/v2\/comments?post=10361"}],"version-history":[{"count":0,"href":"https:\/\/quantarefratarios.com.br\/es\/wp-json\/wp\/v2\/product\/10361\/revisions"}],"wp:featuredmedia":[{"embeddable":true,"href":"https:\/\/quantarefratarios.com.br\/es\/wp-json\/wp\/v2\/media\/9739"}],"wp:attachment":[{"href":"https:\/\/quantarefratarios.com.br\/es\/wp-json\/wp\/v2\/media?parent=10361"}],"wp:term":[{"taxonomy":"product_brand","embeddable":true,"href":"https:\/\/quantarefratarios.com.br\/es\/wp-json\/wp\/v2\/product_brand?post=10361"},{"taxonomy":"product_cat","embeddable":true,"href":"https:\/\/quantarefratarios.com.br\/es\/wp-json\/wp\/v2\/product_cat?post=10361"},{"taxonomy":"product_tag","embeddable":true,"href":"https:\/\/quantarefratarios.com.br\/es\/wp-json\/wp\/v2\/product_tag?post=10361"}],"curies":[{"name":"wp","href":"https:\/\/api.w.org\/{rel}","templated":true}]}}