{"id":10363,"date":"2023-05-26T18:28:31","date_gmt":"2023-05-26T21:28:31","guid":{"rendered":"https:\/\/quantarefratarios.com.br\/produto\/hormigon-y-plasticos\/"},"modified":"2023-05-26T18:28:31","modified_gmt":"2023-05-26T21:28:31","slug":"hormigon-y-plasticos","status":"publish","type":"product","link":"https:\/\/quantarefratarios.com.br\/es\/produto\/hormigon-y-plasticos\/","title":{"rendered":"Hormig\u00f3n y pl\u00e1sticos"},"content":{"rendered":"","protected":false},"excerpt":{"rendered":"<p><span style=\"font-weight: 400;\">Hormig\u00f3n vibrado, fluido o proyectado, para aplicaci\u00f3n en revestimientos de cucharas de vertido, ca\u00f1os y canaletas de hornos y otros equipos.<\/span><\/p>\n<p><span style=\"font-weight: 400;\">Masas pl\u00e1sticas para dar forma o reparar hornos y sartenes.<\/span><\/p>\n","protected":false},"featured_media":9695,"comment_status":"open","ping_status":"closed","template":"","meta":[],"product_brand":[],"product_cat":[192,197,199],"product_tag":[],"class_list":{"0":"post-10363","1":"product","2":"type-product","3":"status-publish","4":"has-post-thumbnail","6":"product_cat-fundicion-de-hierro-y-acero","7":"product_cat-fusion-fuga","8":"product_cat-hormigon-y-plasticos","10":"first","11":"instock","12":"shipping-taxable","13":"product-type-simple"},"_links":{"self":[{"href":"https:\/\/quantarefratarios.com.br\/es\/wp-json\/wp\/v2\/product\/10363","targetHints":{"allow":["GET"]}}],"collection":[{"href":"https:\/\/quantarefratarios.com.br\/es\/wp-json\/wp\/v2\/product"}],"about":[{"href":"https:\/\/quantarefratarios.com.br\/es\/wp-json\/wp\/v2\/types\/product"}],"replies":[{"embeddable":true,"href":"https:\/\/quantarefratarios.com.br\/es\/wp-json\/wp\/v2\/comments?post=10363"}],"version-history":[{"count":0,"href":"https:\/\/quantarefratarios.com.br\/es\/wp-json\/wp\/v2\/product\/10363\/revisions"}],"wp:featuredmedia":[{"embeddable":true,"href":"https:\/\/quantarefratarios.com.br\/es\/wp-json\/wp\/v2\/media\/9695"}],"wp:attachment":[{"href":"https:\/\/quantarefratarios.com.br\/es\/wp-json\/wp\/v2\/media?parent=10363"}],"wp:term":[{"taxonomy":"product_brand","embeddable":true,"href":"https:\/\/quantarefratarios.com.br\/es\/wp-json\/wp\/v2\/product_brand?post=10363"},{"taxonomy":"product_cat","embeddable":true,"href":"https:\/\/quantarefratarios.com.br\/es\/wp-json\/wp\/v2\/product_cat?post=10363"},{"taxonomy":"product_tag","embeddable":true,"href":"https:\/\/quantarefratarios.com.br\/es\/wp-json\/wp\/v2\/product_tag?post=10363"}],"curies":[{"name":"wp","href":"https:\/\/api.w.org\/{rel}","templated":true}]}}