{"id":10369,"date":"2023-05-26T18:08:17","date_gmt":"2023-05-26T21:08:17","guid":{"rendered":"https:\/\/quantarefratarios.com.br\/produto\/premoldeado\/"},"modified":"2023-05-26T18:08:17","modified_gmt":"2023-05-26T21:08:17","slug":"premoldeado","status":"publish","type":"product","link":"https:\/\/quantarefratarios.com.br\/es\/produto\/premoldeado\/","title":{"rendered":"Premoldeado"},"content":{"rendered":"","protected":false},"excerpt":{"rendered":"<p><b> <\/b><span style=\"font-weight: 400;\">Piezas especialmente dise\u00f1adas para cada equipo, desde boquillas para hornos de arco el\u00e9ctrico (EAF) e inducci\u00f3n, Delta para hornos de arco el\u00e9ctrico, placas de choque y piletas de colada.<\/span><\/p>\n<p>&nbsp;<\/p>\n","protected":false},"featured_media":9711,"comment_status":"open","ping_status":"closed","template":"","meta":[],"product_brand":[],"product_cat":[192,197,200],"product_tag":[],"class_list":{"0":"post-10369","1":"product","2":"type-product","3":"status-publish","4":"has-post-thumbnail","6":"product_cat-fundicion-de-hierro-y-acero","7":"product_cat-fusion-fuga","8":"product_cat-prefabricado","10":"first","11":"instock","12":"shipping-taxable","13":"product-type-simple"},"_links":{"self":[{"href":"https:\/\/quantarefratarios.com.br\/es\/wp-json\/wp\/v2\/product\/10369","targetHints":{"allow":["GET"]}}],"collection":[{"href":"https:\/\/quantarefratarios.com.br\/es\/wp-json\/wp\/v2\/product"}],"about":[{"href":"https:\/\/quantarefratarios.com.br\/es\/wp-json\/wp\/v2\/types\/product"}],"replies":[{"embeddable":true,"href":"https:\/\/quantarefratarios.com.br\/es\/wp-json\/wp\/v2\/comments?post=10369"}],"version-history":[{"count":0,"href":"https:\/\/quantarefratarios.com.br\/es\/wp-json\/wp\/v2\/product\/10369\/revisions"}],"wp:featuredmedia":[{"embeddable":true,"href":"https:\/\/quantarefratarios.com.br\/es\/wp-json\/wp\/v2\/media\/9711"}],"wp:attachment":[{"href":"https:\/\/quantarefratarios.com.br\/es\/wp-json\/wp\/v2\/media?parent=10369"}],"wp:term":[{"taxonomy":"product_brand","embeddable":true,"href":"https:\/\/quantarefratarios.com.br\/es\/wp-json\/wp\/v2\/product_brand?post=10369"},{"taxonomy":"product_cat","embeddable":true,"href":"https:\/\/quantarefratarios.com.br\/es\/wp-json\/wp\/v2\/product_cat?post=10369"},{"taxonomy":"product_tag","embeddable":true,"href":"https:\/\/quantarefratarios.com.br\/es\/wp-json\/wp\/v2\/product_tag?post=10369"}],"curies":[{"name":"wp","href":"https:\/\/api.w.org\/{rel}","templated":true}]}}